{"id":264,"date":"2020-07-01T12:31:35","date_gmt":"2020-07-01T16:31:35","guid":{"rendered":"http:\/\/don-domingo.com\/?page_id=264"},"modified":"2025-09-02T19:19:42","modified_gmt":"2025-09-02T23:19:42","slug":"ubicacion","status":"publish","type":"page","link":"https:\/\/don-domingo.com\/?page_id=264","title":{"rendered":"Contacto y Ubicacion"},"content":{"rendered":"\n<p><strong>Gracias por visitarnos.<\/strong><\/p>\n\n\n\n<p>Lo esperamos en su pr\u00f3xima visita a Temuco.<br>Turismo o trabajo, estaremos felices de recibirlos.<br>Para hacer su reserva por favor cont\u00e1ctenos<\/p>\n\n\n\n<p><strong>Telefono:<\/strong> + 56 45 2322636<\/p>\n\n\n\n<p><strong>Celular:<\/strong> +56 9 50661007<\/p>\n\n\n\n<p><strong>eMail:<\/strong> <a href=\"mailto:ahdondomingo@gmail.com\">ahdondomingo@gmail.com<\/a><\/p>\n\n\n\n<div class=\"wp-block-columns is-layout-flex wp-container-core-columns-is-layout-28f84493 wp-block-columns-is-layout-flex\">\n<div class=\"wp-block-column is-layout-flow wp-block-column-is-layout-flow\">\n<h2 class=\"wp-block-heading\">Temuco<\/h2>\n\n\n\n<p>Direccion:<br><strong>Pedro Aguirre Cerda 0855<\/strong><br>(sector Av. Alemania\/Colegio Aleman)<\/p>\n\n\n\n<p>Un barrio residencial de Temuco, nuestros hu\u00e9spedes podr\u00e1n disfrutar de una estad\u00eda tranquila y segura, a media cuadra del Casino de Juegos, del Mall y rodeados de los mejores restaurantes y caf\u00e9s de nuestra ciudad.<br>Tambi\u00e9n estamos cercanos a bancos, cl\u00ednicas, farmacias, ciclov\u00edas y locomoci\u00f3n p\u00fablica.<\/p>\n\n\n\n<figure class=\"wp-block-image size-large\"><img loading=\"lazy\" decoding=\"async\" width=\"1024\" height=\"622\" src=\"https:\/\/don-domingo.com\/wp-content\/uploads\/2025\/09\/Frente1-1024x622.jpg\" alt=\"\" class=\"wp-image-366\" srcset=\"https:\/\/don-domingo.com\/wp-content\/uploads\/2025\/09\/Frente1-1024x622.jpg 1024w, https:\/\/don-domingo.com\/wp-content\/uploads\/2025\/09\/Frente1-300x182.jpg 300w, https:\/\/don-domingo.com\/wp-content\/uploads\/2025\/09\/Frente1-768x467.jpg 768w, https:\/\/don-domingo.com\/wp-content\/uploads\/2025\/09\/Frente1-1536x933.jpg 1536w, https:\/\/don-domingo.com\/wp-content\/uploads\/2025\/09\/Frente1.jpg 2000w\" sizes=\"auto, (max-width: 1024px) 100vw, 1024px\" \/><\/figure>\n<\/div>\n\n\n\n<div class=\"wp-block-column is-layout-flow wp-block-column-is-layout-flow\">\n<h2 class=\"wp-block-heading\">Co\u00f1aripe<\/h2>\n\n\n\n<p>Direccion:<br><strong>Guido Beck de Ramberga 1255<\/strong><br>(Calle Principal, a una cuadra de la Copec y Casi Frente a Panaderia Elizabeth)<\/p>\n\n\n\n<p>Estar\u00e1 a solo unas cuadras de la playa, en la calle principal, con todo al alcance de la mano.<br><\/p>\n\n\n\n<figure class=\"wp-block-image size-large\"><img loading=\"lazy\" decoding=\"async\" width=\"1024\" height=\"622\" src=\"https:\/\/don-domingo.com\/wp-content\/uploads\/2025\/09\/conaripeSING-7-2-1024x622.jpg\" alt=\"\" class=\"wp-image-365\" srcset=\"https:\/\/don-domingo.com\/wp-content\/uploads\/2025\/09\/conaripeSING-7-2-1024x622.jpg 1024w, https:\/\/don-domingo.com\/wp-content\/uploads\/2025\/09\/conaripeSING-7-2-300x182.jpg 300w, https:\/\/don-domingo.com\/wp-content\/uploads\/2025\/09\/conaripeSING-7-2-768x467.jpg 768w, https:\/\/don-domingo.com\/wp-content\/uploads\/2025\/09\/conaripeSING-7-2-1536x933.jpg 1536w, https:\/\/don-domingo.com\/wp-content\/uploads\/2025\/09\/conaripeSING-7-2.jpg 2000w\" sizes=\"auto, (max-width: 1024px) 100vw, 1024px\" \/><\/figure>\n<\/div>\n<\/div>\n\n\n\n<hr class=\"wp-block-separator has-alpha-channel-opacity\"\/>\n\n\n\n<h2 class=\"wp-block-heading\">Temuco<\/h2>\n\n\n\n<p><a href=\"https:\/\/maps.app.goo.gl\/3jsETVMFgB6Mhsb29\">https:\/\/maps.app.goo.gl\/3jsETVMFgB6Mhsb29<\/a><\/p>\n\n\n\n<figure class=\"wp-block-image alignfull size-large\"><img loading=\"lazy\" decoding=\"async\" width=\"1024\" height=\"622\" src=\"https:\/\/don-domingo.com\/wp-content\/uploads\/2025\/09\/map-tem-1024x622.jpg\" alt=\"\" class=\"wp-image-373\" srcset=\"https:\/\/don-domingo.com\/wp-content\/uploads\/2025\/09\/map-tem-1024x622.jpg 1024w, https:\/\/don-domingo.com\/wp-content\/uploads\/2025\/09\/map-tem-300x182.jpg 300w, https:\/\/don-domingo.com\/wp-content\/uploads\/2025\/09\/map-tem-768x467.jpg 768w, https:\/\/don-domingo.com\/wp-content\/uploads\/2025\/09\/map-tem-1536x933.jpg 1536w, https:\/\/don-domingo.com\/wp-content\/uploads\/2025\/09\/map-tem.jpg 2000w\" sizes=\"auto, (max-width: 1024px) 100vw, 1024px\" \/><\/figure>\n\n\n\n<h2 class=\"wp-block-heading\">Co\u00f1aripe<\/h2>\n\n\n\n<p><a href=\"https:\/\/maps.app.goo.gl\/SDpWuMb7zxpq2zoN8\">https:\/\/maps.app.goo.gl\/SDpWuMb7zxpq2zoN8<\/a><\/p>\n\n\n\n<figure class=\"wp-block-image alignfull size-large\"><img loading=\"lazy\" decoding=\"async\" width=\"1024\" height=\"622\" src=\"https:\/\/don-domingo.com\/wp-content\/uploads\/2025\/09\/mapa-con-1024x622.jpg\" alt=\"\" class=\"wp-image-372\" srcset=\"https:\/\/don-domingo.com\/wp-content\/uploads\/2025\/09\/mapa-con-1024x622.jpg 1024w, https:\/\/don-domingo.com\/wp-content\/uploads\/2025\/09\/mapa-con-300x182.jpg 300w, https:\/\/don-domingo.com\/wp-content\/uploads\/2025\/09\/mapa-con-768x467.jpg 768w, https:\/\/don-domingo.com\/wp-content\/uploads\/2025\/09\/mapa-con-1536x933.jpg 1536w, https:\/\/don-domingo.com\/wp-content\/uploads\/2025\/09\/mapa-con.jpg 2000w\" sizes=\"auto, (max-width: 1024px) 100vw, 1024px\" \/><\/figure>\n","protected":false},"excerpt":{"rendered":"<p>Gracias por visitarnos. Lo esperamos en su pr\u00f3xima visita a Temuco.Turismo o trabajo, estaremos felices de recibirlos.Para hacer su reserva por favor cont\u00e1ctenos Telefono: + 56 45 2322636 Celular: +56 9 50661007 eMail: ahdondomingo@gmail.com Temuco Direccion:Pedro Aguirre Cerda 0855(sector Av. Alemania\/Colegio Aleman) Un barrio residencial de Temuco, nuestros hu\u00e9spedes podr\u00e1n disfrutar de una estad\u00eda tranquila [&hellip;]<\/p>\n","protected":false},"author":1,"featured_media":0,"parent":0,"menu_order":0,"comment_status":"closed","ping_status":"closed","template":"","meta":{"footnotes":""},"class_list":["post-264","page","type-page","status-publish","hentry"],"_links":{"self":[{"href":"https:\/\/don-domingo.com\/index.php?rest_route=\/wp\/v2\/pages\/264","targetHints":{"allow":["GET"]}}],"collection":[{"href":"https:\/\/don-domingo.com\/index.php?rest_route=\/wp\/v2\/pages"}],"about":[{"href":"https:\/\/don-domingo.com\/index.php?rest_route=\/wp\/v2\/types\/page"}],"author":[{"embeddable":true,"href":"https:\/\/don-domingo.com\/index.php?rest_route=\/wp\/v2\/users\/1"}],"replies":[{"embeddable":true,"href":"https:\/\/don-domingo.com\/index.php?rest_route=%2Fwp%2Fv2%2Fcomments&post=264"}],"version-history":[{"count":19,"href":"https:\/\/don-domingo.com\/index.php?rest_route=\/wp\/v2\/pages\/264\/revisions"}],"predecessor-version":[{"id":389,"href":"https:\/\/don-domingo.com\/index.php?rest_route=\/wp\/v2\/pages\/264\/revisions\/389"}],"wp:attachment":[{"href":"https:\/\/don-domingo.com\/index.php?rest_route=%2Fwp%2Fv2%2Fmedia&parent=264"}],"curies":[{"name":"wp","href":"https:\/\/api.w.org\/{rel}","templated":true}]}}